{"id":858,"date":"2024-10-21T17:07:52","date_gmt":"2024-10-21T17:07:52","guid":{"rendered":"https:\/\/kafkalandscapes.com\/?page_id=858"},"modified":"2026-04-07T02:55:23","modified_gmt":"2026-04-07T02:55:23","slug":"metis-crossing","status":"publish","type":"page","link":"https:\/\/kafkalandscapes.com\/?page_id=858","title":{"rendered":"Metis Crossing"},"content":{"rendered":"<div class=\"brz-root__container brz-reset-all brz brz-root__container-page\">\n<section id=\"_y2J_RK66nHJp\" data-brz-iteration-count=\"1\" class=\"brz-section brz-css-1bj0rmv brz-animated brz-css-1s3orij brz-css-1ytzy1h\">\n<div class=\"brz-section__content brz-section--boxed brz-css-guikh3 brz-css-h2mi23\" data-brz-custom-id=\"m4VYxo2skxwc\">\n<div class=\"brz-container brz-css-1n1ub1k\">\n<div class=\"brz-row__container brz-css-ijejm4\" data-brz-custom-id=\"bYiWMj13HGL0\">\n<div class=\"brz-bg\"><\/div>\n<div class=\"brz-row brz-css-11wt7qv\">\n<div class=\"brz-columns brz-css-rlpph8 brz-css-1bcpyf4\" data-brz-custom-id=\"b3UGgYH43hKc\">\n<div class=\"brz-bg\"><\/div>\n<div class=\"brz-column__items brz-css-ulopqp\">\n<div id=\"\" class=\"brz-css-17jsafv brz-wrapper\">\n<div class=\"brz-rich-text brz-rich-text__custom brz-css-hqco8n\" data-brz-custom-id=\"jgkTjb_Lztdg\">\n<div data-brz-translate-text=\"1\">\n<h1 class=\"brz-tp-lg-heading1 brz-css-x4wMa\" data-generated-css=\"brz-css-jGDzM\" data-uniq-id=\"cIb3Q\"><span class=\"brz-cp-color2\">M\u00e9tis Crossing<\/span><\/h1>\n<\/div>\n<\/div>\n<\/div>\n<\/div>\n<\/div>\n<div class=\"brz-columns brz-css-rlpph8 brz-css-dzmmjr\" data-brz-custom-id=\"kciAMX60vBJA\">\n<div class=\"brz-bg\"><\/div>\n<div class=\"brz-column__items brz-css-ulopqp\">\n<div class=\"brz-wrapper-clone brz-css-1i5zl2w\">\n<div class=\"brz-d-xs-flex brz-flex-xs-wrap brz-css-1w6n6i1 brz-css-13vr4wz\" data-brz-custom-id=\"\">\n<div class=\"brz-wrapper-clone__item\" id=\"wm4aUcy9XEuj\">\n<div class=\"brz-icon__container\" data-brz-custom-id=\"wm4aUcy9XEuj\"><a class=\"brz-a\" href=\"\" target=\"_self\" rel=\"noopener\" data-brz-link-type=\"page\"><span class=\"brz-icon brz-span brz-css-1rtiopf brz-css-eaygn6\"><\/span><\/a><\/div>\n<\/div>\n<\/div>\n<\/div>\n<\/div>\n<\/div>\n<\/div>\n<\/div>\n<\/div>\n<\/div>\n<\/section>\n<section id=\"_bAFXg_7E3sbj\" data-brz-iteration-count=\"1\" class=\"brz-section brz-css-1bj0rmv brz-css-2rqgoh brz-animated brz-css-1m0gdei brz-css-eut53o\">\n<div class=\"brz-section__content brz-section--fullWidth brz-css-guikh3 brz-css-15v669t\" data-brz-custom-id=\"rV5xKfdeAGbd\">\n<div class=\"brz-container brz-css-1n1ub1k brz-css-12dq5gb\">\n<div id=\"\" class=\"brz-css-17jsafv brz-wrapper\">\n<div class=\"brz-rich-text brz-rich-text__custom brz-css-hqco8n\" data-brz-custom-id=\"lfeqqY4_OJz9\">\n<div data-brz-translate-text=\"1\">\n<p class=\"brz-tp-lg-paragraph brz-text-lg-center brz-css-in1P1\" data-generated-css=\"brz-css-natCr\" data-uniq-id=\"yfLja\"><span class=\"brz-cp-color7\"><\/span><\/p>\n<\/div>\n<\/div>\n<\/div>\n<\/div>\n<\/div>\n<\/section>\n<section id=\"_o0pwMIxZByoc\" class=\"brz-section brz-css-1bj0rmv\">\n<div class=\"brz-section__content brz-section--boxed brz-css-guikh3 brz-css-1szr1ix\" data-brz-custom-id=\"i7L3tUzze5e2\">\n<div class=\"brz-container brz-css-1n1ub1k\">\n<div class=\"brz-wrapper-clone brz-css-1i5zl2w brz-css-1yqoyyt\">\n<div class=\"brz-d-xs-flex brz-flex-xs-wrap brz-css-1w6n6i1 brz-css-ksdzz9\" data-brz-custom-id=\"\">\n<div class=\"brz-wrapper-clone__item\" id=\"dVTffL0zIvaK\">\n<div class=\"brz-icon__container\" data-brz-custom-id=\"dVTffL0zIvaK\"><span class=\"brz-icon brz-span brz-css-1rtiopf brz-css-17hfyt1\"><\/span><\/div>\n<\/div>\n<\/div>\n<\/div>\n<\/div>\n<\/div>\n<\/section>\n<section id=\"_f1uwg37yUFsO\" data-brz-iteration-count=\"1\" class=\"brz-section brz-css-1bj0rmv brz-animated brz-css-ldhlkx brz-css-1bwi18d\">\n<div class=\"brz-section__content brz-section--boxed brz-css-guikh3 brz-css-1ehcv7\" data-brz-custom-id=\"nMMwkgMcVvCz\">\n<div class=\"brz-container brz-css-1n1ub1k\">\n<div class=\"brz-row__container brz-css-ijejm4\" data-brz-custom-id=\"iVXqzL39hHAy\">\n<div class=\"brz-bg\"><\/div>\n<div class=\"brz-row brz-css-11wt7qv brz-css-1jx8k6w\">\n<div class=\"brz-columns brz-css-rlpph8 brz-css-2cxv80\" data-brz-custom-id=\"pr3hb0iuermB\">\n<div class=\"brz-bg\">\n<div class=\"brz-bg-color\"><\/div>\n<\/div>\n<div class=\"brz-column__items brz-css-ulopqp brz-css-1x7bixt\">\n<div id=\"\" class=\"brz-css-17jsafv brz-wrapper\">\n<div class=\"brz-rich-text brz-rich-text__custom brz-css-hqco8n\" data-brz-custom-id=\"mMxTzvAoDJCC\">\n<div data-brz-translate-text=\"1\">\n<p data-uniq-id=\"oSx33\" data-generated-css=\"brz-css-g4pJi\" class=\"brz-ft-google brz-fs-lg-76 brz-fss-lg-px brz-fw-lg-400 brz-ls-lg-0 brz-lh-lg-1_3 brz-vfw-lg-400 brz-fwdth-lg-100 brz-fsft-lg-0 brz-tp-lg-empty brz-ff-montserrat brz-css-wIsDe\">*<\/p>\n<\/div>\n<\/div>\n<\/div>\n<div id=\"\" class=\"brz-css-17jsafv brz-css-jm2khc brz-wrapper\">\n<div class=\"brz-rich-text brz-rich-text__custom brz-css-hqco8n\" data-brz-custom-id=\"fTi4V_p44bJY\">\n<div data-brz-translate-text=\"1\">\n<h4 class=\"brz-tp-lg-heading4 brz-css-xEp6l\" data-generated-css=\"brz-css-xHiRO\" data-uniq-id=\"cuYRB\"><span class=\"brz-cp-color2\">PROJECT<\/span><\/h4>\n<h4 class=\"brz-tp-lg-heading4 brz-css-xjpom\" data-generated-css=\"brz-css-bClyo\" data-uniq-id=\"q7Mu4\"><span class=\"brz-cp-color2\">&#8211; <\/span><\/h4>\n<p class=\"brz-tp-lg-paragraph brz-css-uT3bB\" data-generated-css=\"brz-css-ybF0d\" data-uniq-id=\"vVFY2\"><span class=\"brz-cp-color7\">M\u00e9tis Crossing is the first major M\u00e9tis cultural interpretive center in Alberta. Located on river lot titles from the original M\u00e9tis settlers on the Saskatchewan River, M\u00e9tis Crossing is a cultural hub for M\u00e9tis people, as well as a vibrant and growing tourist destination. The site has been designed to engage and excite visitors in activities that promote appreciation of M\u00e9tis people, customs, and celebrations. <\/span><\/p>\n<p class=\"brz-tp-lg-paragraph brz-css-rQQXw\" data-generated-css=\"brz-css-ybF0d\" data-uniq-id=\"vVFY2\"><span class=\"brz-cp-color7\"> <\/span><\/p>\n<p class=\"brz-tp-lg-paragraph brz-css-m5hNa\" data-generated-css=\"brz-css-ybF0d\" data-uniq-id=\"vVFY2\"><span class=\"brz-cp-color7\">Over the years the landscape design has focused on integrate the new developments with the beautiful setting, taking into account all historic and natural features, the existing topography, and viewpoints, as well as honouring the historic site and the central role of the river \u2013 all of which imprints a distinct Metis Crossing signature throughout the site. We have been involved in the design of the Gathering Center, the Boutique Lodge, the Veteran\u2019s memorial and are currently working on the masterplan for a retreat area.<\/span><\/p>\n<p class=\"brz-tp-lg-paragraph brz-css-sz3hI\" data-generated-css=\"brz-css-ybF0d\" data-uniq-id=\"vVFY2\"><span class=\"brz-cp-color7\"> <\/span><\/p>\n<p class=\"brz-tp-lg-paragraph brz-css-ceghX\" data-generated-css=\"brz-css-k8IOi\" data-uniq-id=\"dHthZ\"><span class=\"brz-cp-color7\">The landscape design included an interpretative boardwalk, upgrading an existing playground, a picnic shelter and a communal fire pit and gathering area by the river. All planting consists of native species with a large amount of the plants being edible. All these plants were traditionally used by the M\u00e9tis for food, medicinal or spiritual purposes, as well as for crafts.<\/span><\/p>\n<p class=\"brz-tp-lg-paragraph brz-css-yW0QT\" data-generated-css=\"brz-css-xG4PO\" data-uniq-id=\"yFOQx\"><\/p>\n<p class=\"brz-tp-lg-paragraph brz-css-kV6ld\" data-generated-css=\"brz-css-pxNNI\" data-uniq-id=\"zhGu7\"><\/p>\n<\/div>\n<\/div>\n<\/div>\n<\/div>\n<\/div>\n<div class=\"brz-columns brz-css-rlpph8 brz-css-z4qqbd\" data-brz-custom-id=\"bAzrUEuaSKqr\">\n<div class=\"brz-bg\"><\/div>\n<div class=\"brz-column__items brz-css-ulopqp\"><\/div>\n<\/div>\n<div class=\"brz-columns brz-css-rlpph8 brz-css-1ofjx2l\" data-brz-custom-id=\"jVFD8vf_9JHy\">\n<div class=\"brz-bg\">\n<div class=\"brz-bg-color\"><\/div>\n<\/div>\n<div class=\"brz-column__items brz-css-ulopqp brz-css-1x1koh0\">\n<div class=\"brz-wrapper-clone brz-css-1i5zl2w\">\n<div class=\"brz-d-xs-flex brz-flex-xs-wrap brz-css-1w6n6i1 brz-css-zxyti7\" data-brz-custom-id=\"\">\n<div class=\"brz-wrapper-clone__item\" id=\"kaj9zBllhJGI\">\n<div class=\"brz-icon__container\" data-brz-custom-id=\"kaj9zBllhJGI\"><span class=\"brz-icon brz-span brz-css-1rtiopf brz-css-3n0rjw\"><\/span><\/div>\n<\/div>\n<\/div>\n<\/div>\n<div id=\"\" class=\"brz-css-17jsafv brz-css-5g3onm brz-wrapper\">\n<div class=\"brz-spacer brz-css-1elitcn brz-css-m9wg1a\"><\/div>\n<\/div>\n<div id=\"\" data-brz-iteration-count=\"1\" class=\"brz-css-17jsafv brz-wrapper brz-animated brz-css-1wuw81t brz-css-1twpxzw\" data-animationid=\"qUnarX8wEbYj\">\n<div class=\"brz-rich-text brz-rich-text__custom brz-css-hqco8n\" data-brz-custom-id=\"bqpRF1b5IWre\">\n<div data-brz-translate-text=\"1\">\n<h4 class=\"brz-tp-lg-heading4 brz-css-ncaL3\" data-uniq-id=\"noHpw\" data-generated-css=\"brz-css-q0twg\"><span class=\"brz-cp-color2\">PROJECT INFO<\/span><\/h4>\n<h4 class=\"brz-tp-lg-heading4 brz-css-dxHxB\" data-uniq-id=\"gtfTg\" data-generated-css=\"brz-css-jCAY0\"><span class=\"brz-cp-color2\"> &#8211;<\/span><\/h4>\n<p class=\"brz-tp-lg-paragraph brz-css-yPb1j\" data-uniq-id=\"hbUmN\" data-generated-css=\"brz-css-m6CMQ\"><span class=\"brz-cp-color7\">New Construction<\/span><\/p>\n<p class=\"brz-tp-lg-paragraph brz-css-nOEcx\" data-uniq-id=\"rvXQb\" data-generated-css=\"brz-css-kPvAN\"><span class=\"brz-cp-color7\">Client: <\/span><\/p>\n<p class=\"brz-tp-lg-paragraph brz-css-p4TFt\" data-uniq-id=\"zbqKu\" data-generated-css=\"brz-css-lmA9H\"><span class=\"brz-cp-color7\">M\u00e9tis Nation of Alberta<\/span><\/p>\n<p class=\"brz-tp-lg-paragraph brz-css-zhjzl\" data-uniq-id=\"vsYS6\" data-generated-css=\"brz-css-yiHYX\"><span class=\"brz-cp-color7\">Location: <\/span><\/p>\n<p class=\"brz-tp-lg-paragraph brz-css-l_34z\" data-uniq-id=\"nfA6J\" data-generated-css=\"brz-css-roTEV\"><span class=\"brz-cp-color7\">M\u00e9tis Crossing, Smokey Lake, Alberta<\/span><\/p>\n<p class=\"brz-tp-lg-paragraph brz-css-uMAEX\" data-uniq-id=\"sRKr6\" data-generated-css=\"brz-css-qzdFo\"><span class=\"brz-cp-color7\">Architect: <\/span><\/p>\n<p class=\"brz-tp-lg-paragraph brz-css-se_4P\" data-uniq-id=\"uBm1E\" data-generated-css=\"brz-css-x7bA9\"><span class=\"brz-cp-color7\">Manasc Isaac Architects<\/span><\/p>\n<p class=\"brz-tp-lg-paragraph brz-css-wUiS1\" data-uniq-id=\"ooOxm\" data-generated-css=\"brz-css-inl8Q\"><span class=\"brz-cp-color7\">Completion: <\/span><\/p>\n<p class=\"brz-tp-lg-paragraph brz-css-fSqW0\" data-uniq-id=\"x4NzW\" data-generated-css=\"brz-css-kyL_p\"><span class=\"brz-cp-color7\">Gathering Center 2019<\/span><\/p>\n<p class=\"brz-tp-lg-paragraph brz-css-couBb\" data-uniq-id=\"doEyO\" data-generated-css=\"brz-css-tTNLo\"><span class=\"brz-cp-color2\">Veterans memorial 2021<\/span><\/p>\n<p class=\"brz-tp-lg-paragraph brz-css-rS3f9\" data-uniq-id=\"zOhG6\" data-generated-css=\"brz-css-vt_zt\"><span class=\"brz-cp-color7\">Boutique Lodge 2022<\/span><\/p>\n<\/div>\n<\/div>\n<\/div>\n<\/div>\n<\/div>\n<\/div>\n<\/div>\n<\/div>\n<\/div>\n<\/section>\n<\/div>\n<p>    <!-- version:1737080834 --><\/p>\n","protected":false},"excerpt":{"rendered":"<p>M\u00e9tis Crossing * PROJECT &#8211; M\u00e9tis Crossing is the first major M\u00e9tis cultural interpretive center in Alberta. Located on river [&hellip;]<\/p>\n","protected":false},"author":1,"featured_media":0,"parent":0,"menu_order":0,"comment_status":"closed","ping_status":"closed","template":"brizy-blank-template.php","meta":{"site-sidebar-layout":"default","site-content-layout":"","ast-site-content-layout":"default","site-content-style":"default","site-sidebar-style":"default","ast-global-header-display":"","ast-banner-title-visibility":"","ast-main-header-display":"","ast-hfb-above-header-display":"","ast-hfb-below-header-display":"","ast-hfb-mobile-header-display":"","site-post-title":"","ast-breadcrumbs-content":"","ast-featured-img":"","footer-sml-layout":"","theme-transparent-header-meta":"","adv-header-id-meta":"","stick-header-meta":"","header-above-stick-meta":"","header-main-stick-meta":"","header-below-stick-meta":"","astra-migrate-meta-layouts":"default","ast-page-background-enabled":"default","ast-page-background-meta":{"desktop":{"background-color":"var(--ast-global-color-4)","background-image":"","background-repeat":"repeat","background-position":"center center","background-size":"auto","background-attachment":"scroll","background-type":"","background-media":"","overlay-type":"","overlay-color":"","overlay-opacity":"","overlay-gradient":""},"tablet":{"background-color":"","background-image":"","background-repeat":"repeat","background-position":"center center","background-size":"auto","background-attachment":"scroll","background-type":"","background-media":"","overlay-type":"","overlay-color":"","overlay-opacity":"","overlay-gradient":""},"mobile":{"background-color":"","background-image":"","background-repeat":"repeat","background-position":"center center","background-size":"auto","background-attachment":"scroll","background-type":"","background-media":"","overlay-type":"","overlay-color":"","overlay-opacity":"","overlay-gradient":""}},"ast-content-background-meta":{"desktop":{"background-color":"var(--ast-global-color-5)","background-image":"","background-repeat":"repeat","background-position":"center center","background-size":"auto","background-attachment":"scroll","background-type":"","background-media":"","overlay-type":"","overlay-color":"","overlay-opacity":"","overlay-gradient":""},"tablet":{"background-color":"var(--ast-global-color-5)","background-image":"","background-repeat":"repeat","background-position":"center center","background-size":"auto","background-attachment":"scroll","background-type":"","background-media":"","overlay-type":"","overlay-color":"","overlay-opacity":"","overlay-gradient":""},"mobile":{"background-color":"var(--ast-global-color-5)","background-image":"","background-repeat":"repeat","background-position":"center center","background-size":"auto","background-attachment":"scroll","background-type":"","background-media":"","overlay-type":"","overlay-color":"","overlay-opacity":"","overlay-gradient":""}},"footnotes":""},"class_list":["post-858","page","type-page","status-publish","hentry"],"yoast_head":"<!-- This site is optimized with the Yoast SEO plugin v27.5 - https:\/\/yoast.com\/product\/yoast-seo-wordpress\/ -->\n<title>Metis Crossing - Kafkalandscapes<\/title>\n<meta name=\"robots\" content=\"index, follow, max-snippet:-1, max-image-preview:large, max-video-preview:-1\" \/>\n<link rel=\"canonical\" href=\"https:\/\/kafkalandscapes.com\/?page_id=858\" \/>\n<meta property=\"og:locale\" content=\"en_US\" \/>\n<meta property=\"og:type\" content=\"article\" \/>\n<meta property=\"og:title\" content=\"Metis Crossing - Kafkalandscapes\" \/>\n<meta property=\"og:description\" content=\"M\u00e9tis Crossing * PROJECT &#8211; M\u00e9tis Crossing is the first major M\u00e9tis cultural interpretive center in Alberta. Located on river [&hellip;]\" \/>\n<meta property=\"og:url\" content=\"https:\/\/kafkalandscapes.com\/?page_id=858\" \/>\n<meta property=\"og:site_name\" content=\"Kafkalandscapes\" \/>\n<meta property=\"article:modified_time\" content=\"2026-04-07T02:55:23+00:00\" \/>\n<meta name=\"twitter:card\" content=\"summary_large_image\" \/>\n<meta name=\"twitter:label1\" content=\"Est. reading time\" \/>\n\t<meta name=\"twitter:data1\" content=\"2 minutes\" \/>\n<script type=\"application\/ld+json\" class=\"yoast-schema-graph\">{\"@context\":\"https:\\\/\\\/schema.org\",\"@graph\":[{\"@type\":\"WebPage\",\"@id\":\"https:\\\/\\\/kafkalandscapes.com\\\/?page_id=858\",\"url\":\"https:\\\/\\\/kafkalandscapes.com\\\/?page_id=858\",\"name\":\"Metis Crossing - Kafkalandscapes\",\"isPartOf\":{\"@id\":\"https:\\\/\\\/kafkalandscapes.com\\\/#website\"},\"datePublished\":\"2024-10-21T17:07:52+00:00\",\"dateModified\":\"2026-04-07T02:55:23+00:00\",\"breadcrumb\":{\"@id\":\"https:\\\/\\\/kafkalandscapes.com\\\/?page_id=858#breadcrumb\"},\"inLanguage\":\"en-US\",\"potentialAction\":[{\"@type\":\"ReadAction\",\"target\":[\"https:\\\/\\\/kafkalandscapes.com\\\/?page_id=858\"]}]},{\"@type\":\"BreadcrumbList\",\"@id\":\"https:\\\/\\\/kafkalandscapes.com\\\/?page_id=858#breadcrumb\",\"itemListElement\":[{\"@type\":\"ListItem\",\"position\":1,\"name\":\"Home\",\"item\":\"https:\\\/\\\/kafkalandscapes.com\\\/\"},{\"@type\":\"ListItem\",\"position\":2,\"name\":\"Metis Crossing\"}]},{\"@type\":\"WebSite\",\"@id\":\"https:\\\/\\\/kafkalandscapes.com\\\/#website\",\"url\":\"https:\\\/\\\/kafkalandscapes.com\\\/\",\"name\":\"Kafkalandscapes\",\"description\":\"\",\"publisher\":{\"@id\":\"https:\\\/\\\/kafkalandscapes.com\\\/#organization\"},\"potentialAction\":[{\"@type\":\"SearchAction\",\"target\":{\"@type\":\"EntryPoint\",\"urlTemplate\":\"https:\\\/\\\/kafkalandscapes.com\\\/?s={search_term_string}\"},\"query-input\":{\"@type\":\"PropertyValueSpecification\",\"valueRequired\":true,\"valueName\":\"search_term_string\"}}],\"inLanguage\":\"en-US\"},{\"@type\":\"Organization\",\"@id\":\"https:\\\/\\\/kafkalandscapes.com\\\/#organization\",\"name\":\"Katharina Kafka Landscape Architecture\",\"url\":\"https:\\\/\\\/kafkalandscapes.com\\\/\",\"logo\":{\"@type\":\"ImageObject\",\"inLanguage\":\"en-US\",\"@id\":\"https:\\\/\\\/kafkalandscapes.com\\\/#\\\/schema\\\/logo\\\/image\\\/\",\"url\":\"https:\\\/\\\/kafkalandscapes.com\\\/wp-content\\\/uploads\\\/2024\\\/10\\\/Katharina_Kafka_Landscapes_Architecture_LOGO_1.jpg\",\"contentUrl\":\"https:\\\/\\\/kafkalandscapes.com\\\/wp-content\\\/uploads\\\/2024\\\/10\\\/Katharina_Kafka_Landscapes_Architecture_LOGO_1.jpg\",\"width\":1417,\"height\":709,\"caption\":\"Katharina Kafka Landscape Architecture\"},\"image\":{\"@id\":\"https:\\\/\\\/kafkalandscapes.com\\\/#\\\/schema\\\/logo\\\/image\\\/\"},\"sameAs\":[\"http:\\\/\\\/www.linkedin.com\\\/in\\\/katharina-kafka-055870154\"]}]}<\/script>\n<!-- \/ Yoast SEO plugin. -->","yoast_head_json":{"title":"Metis Crossing - Kafkalandscapes","robots":{"index":"index","follow":"follow","max-snippet":"max-snippet:-1","max-image-preview":"max-image-preview:large","max-video-preview":"max-video-preview:-1"},"canonical":"https:\/\/kafkalandscapes.com\/?page_id=858","og_locale":"en_US","og_type":"article","og_title":"Metis Crossing - Kafkalandscapes","og_description":"M\u00e9tis Crossing * PROJECT &#8211; M\u00e9tis Crossing is the first major M\u00e9tis cultural interpretive center in Alberta. Located on river [&hellip;]","og_url":"https:\/\/kafkalandscapes.com\/?page_id=858","og_site_name":"Kafkalandscapes","article_modified_time":"2026-04-07T02:55:23+00:00","twitter_card":"summary_large_image","twitter_misc":{"Est. reading time":"2 minutes"},"schema":{"@context":"https:\/\/schema.org","@graph":[{"@type":"WebPage","@id":"https:\/\/kafkalandscapes.com\/?page_id=858","url":"https:\/\/kafkalandscapes.com\/?page_id=858","name":"Metis Crossing - Kafkalandscapes","isPartOf":{"@id":"https:\/\/kafkalandscapes.com\/#website"},"datePublished":"2024-10-21T17:07:52+00:00","dateModified":"2026-04-07T02:55:23+00:00","breadcrumb":{"@id":"https:\/\/kafkalandscapes.com\/?page_id=858#breadcrumb"},"inLanguage":"en-US","potentialAction":[{"@type":"ReadAction","target":["https:\/\/kafkalandscapes.com\/?page_id=858"]}]},{"@type":"BreadcrumbList","@id":"https:\/\/kafkalandscapes.com\/?page_id=858#breadcrumb","itemListElement":[{"@type":"ListItem","position":1,"name":"Home","item":"https:\/\/kafkalandscapes.com\/"},{"@type":"ListItem","position":2,"name":"Metis Crossing"}]},{"@type":"WebSite","@id":"https:\/\/kafkalandscapes.com\/#website","url":"https:\/\/kafkalandscapes.com\/","name":"Kafkalandscapes","description":"","publisher":{"@id":"https:\/\/kafkalandscapes.com\/#organization"},"potentialAction":[{"@type":"SearchAction","target":{"@type":"EntryPoint","urlTemplate":"https:\/\/kafkalandscapes.com\/?s={search_term_string}"},"query-input":{"@type":"PropertyValueSpecification","valueRequired":true,"valueName":"search_term_string"}}],"inLanguage":"en-US"},{"@type":"Organization","@id":"https:\/\/kafkalandscapes.com\/#organization","name":"Katharina Kafka Landscape Architecture","url":"https:\/\/kafkalandscapes.com\/","logo":{"@type":"ImageObject","inLanguage":"en-US","@id":"https:\/\/kafkalandscapes.com\/#\/schema\/logo\/image\/","url":"https:\/\/kafkalandscapes.com\/wp-content\/uploads\/2024\/10\/Katharina_Kafka_Landscapes_Architecture_LOGO_1.jpg","contentUrl":"https:\/\/kafkalandscapes.com\/wp-content\/uploads\/2024\/10\/Katharina_Kafka_Landscapes_Architecture_LOGO_1.jpg","width":1417,"height":709,"caption":"Katharina Kafka Landscape Architecture"},"image":{"@id":"https:\/\/kafkalandscapes.com\/#\/schema\/logo\/image\/"},"sameAs":["http:\/\/www.linkedin.com\/in\/katharina-kafka-055870154"]}]}},"brizy_media":[{"id":57,"url":"https:\/\/kafkalandscapes.com\/wp-content\/uploads\/2024\/10\/ecobuffer-brooks-solar-field-sectional-1.jpg","name":"ecobuffer-brooks-solar-field-sectional-1.jpg","meta":{"brizy_attachment_uid":"wp-c8c0a68c6730fc89f615f62a89e5783d.jpg","brizy_post_uid":["09cf32d4370872e8608fb914e93e4663"]}},{"id":58,"url":"https:\/\/kafkalandscapes.com\/wp-content\/uploads\/2024\/10\/frog-lake-first-nations-equine-healing-center-artistic-render-1.jpg","name":"frog-lake-first-nations-equine-healing-center-artistic-render-1.jpg","meta":{"brizy_attachment_uid":"wp-8ef175736e6e3cb6f8707f7740d9f31b.jpg","brizy_post_uid":["09cf32d4370872e8608fb914e93e4663"]}},{"id":59,"url":"https:\/\/kafkalandscapes.com\/wp-content\/uploads\/2024\/10\/frog-lake-first-nations-equine-healing-center-artistic-render-winter-1.jpg","name":"frog-lake-first-nations-equine-healing-center-artistic-render-winter-1.jpg","meta":{"brizy_attachment_uid":"wp-054da8feda2ef80e85f47b776e707b7f.jpg","brizy_post_uid":["09cf32d4370872e8608fb914e93e4663"]}},{"id":60,"url":"https:\/\/kafkalandscapes.com\/wp-content\/uploads\/2024\/10\/frog-lake-first-nations-equine-healing-center-plan-view-1.jpg","name":"frog-lake-first-nations-equine-healing-center-plan-view-1.jpg","meta":{"brizy_attachment_uid":"wp-d6e9e83be2351ae86a9ffa9d16000422.jpg","brizy_post_uid":["09cf32d4370872e8608fb914e93e4663"]}},{"id":356,"url":"https:\/\/kafkalandscapes.com\/wp-content\/uploads\/2024\/10\/Lakeshore-Residence-landscape-design-3.jpg","name":"Lakeshore-Residence-landscape-design-3.jpg","meta":{"brizy_attachment_uid":"wp-8adb570132642a5772618e05a9c2205a.jpg","brizy_post_uid":["9596b0528d7b6f3c96fe478d23819696","09cf32d4370872e8608fb914e93e4663","ddc49e012c0d255c2073d0f5e60937a9"]}},{"id":357,"url":"https:\/\/kafkalandscapes.com\/wp-content\/uploads\/2024\/10\/Lakeshore-Residence-landscape-design-4.jpg","name":"Lakeshore-Residence-landscape-design-4.jpg","meta":{"brizy_attachment_uid":"wp-59e4117e532424d5552f8c694495fb26.jpg","brizy_post_uid":["09cf32d4370872e8608fb914e93e4663","ddc49e012c0d255c2073d0f5e60937a9"]}},{"id":358,"url":"https:\/\/kafkalandscapes.com\/wp-content\/uploads\/2024\/10\/Lakeshore-Residence-landscape-design-5.jpg","name":"Lakeshore-Residence-landscape-design-5.jpg","meta":{"brizy_attachment_uid":"wp-b719a932855450f16e87c7db4f1e460b.jpg","brizy_post_uid":["09cf32d4370872e8608fb914e93e4663"]}},{"id":359,"url":"https:\/\/kafkalandscapes.com\/wp-content\/uploads\/2024\/10\/Lakeshore-Residence-landscape-design-6.jpg","name":"Lakeshore-Residence-landscape-design-6.jpg","meta":{"brizy_attachment_uid":"wp-f49e3c2601096fb5540bbdf1a6edc1fd.jpg","brizy_post_uid":["09cf32d4370872e8608fb914e93e4663"]}},{"id":392,"url":"https:\/\/kafkalandscapes.com\/wp-content\/uploads\/2024\/10\/d03-BG.jpg","name":"d03-BG.jpg","meta":{"brizy_attachment_uid":"d03-BG.jpg","brizy_post_uid":["09cf32d4370872e8608fb914e93e4663"]}},{"id":1145,"url":"https:\/\/kafkalandscapes.com\/wp-content\/uploads\/2024\/11\/katharina-kafka.jpg","name":"katharina-kafka.jpg","meta":{"brizy_attachment_uid":"wp-49cac03c80cef5d909482f80e02ad126.jpg","brizy_post_uid":["ddc49e012c0d255c2073d0f5e60937a9","09cf32d4370872e8608fb914e93e4663"]}},{"id":1154,"url":"https:\/\/kafkalandscapes.com\/wp-content\/uploads\/2024\/11\/joel-kafka-3.jpg","name":"joel-kafka-3.jpg","meta":{"brizy_attachment_uid":"wp-6817705273cc84312df80dac49e723d8.jpg","brizy_post_uid":["ddc49e012c0d255c2073d0f5e60937a9","09cf32d4370872e8608fb914e93e4663"]}},{"id":1329,"url":"https:\/\/kafkalandscapes.com\/wp-content\/uploads\/2026\/04\/design-build-landscape-design4.jpg","name":"design-build-landscape-design4.jpg","meta":{"brizy_attachment_uid":"wp-c1b226742166fa0d1e1770952fb8ce5d.jpg","brizy_post_uid":["09cf32d4370872e8608fb914e93e4663"]}},{"id":1330,"url":"https:\/\/kafkalandscapes.com\/wp-content\/uploads\/2026\/04\/design-build-landscape-design4-1.jpg","name":"design-build-landscape-design4-1.jpg","meta":{"brizy_attachment_uid":"wp-f11a7f11b33aabbecec2b297064fd0f8.jpg","brizy_post_uid":["09cf32d4370872e8608fb914e93e4663"]}},{"id":1333,"url":"https:\/\/kafkalandscapes.com\/wp-content\/uploads\/2026\/04\/design-build-landscape-design4-2.jpg","name":"design-build-landscape-design4-2.jpg","meta":{"brizy_attachment_uid":"wp-cc35cabd973179166f7ec5aa236da9d6.jpg","brizy_post_uid":["09cf32d4370872e8608fb914e93e4663"]}}],"_links":{"self":[{"href":"https:\/\/kafkalandscapes.com\/index.php?rest_route=\/wp\/v2\/pages\/858","targetHints":{"allow":["GET"]}}],"collection":[{"href":"https:\/\/kafkalandscapes.com\/index.php?rest_route=\/wp\/v2\/pages"}],"about":[{"href":"https:\/\/kafkalandscapes.com\/index.php?rest_route=\/wp\/v2\/types\/page"}],"author":[{"embeddable":true,"href":"https:\/\/kafkalandscapes.com\/index.php?rest_route=\/wp\/v2\/users\/1"}],"replies":[{"embeddable":true,"href":"https:\/\/kafkalandscapes.com\/index.php?rest_route=%2Fwp%2Fv2%2Fcomments&post=858"}],"version-history":[{"count":5,"href":"https:\/\/kafkalandscapes.com\/index.php?rest_route=\/wp\/v2\/pages\/858\/revisions"}],"predecessor-version":[{"id":870,"href":"https:\/\/kafkalandscapes.com\/index.php?rest_route=\/wp\/v2\/pages\/858\/revisions\/870"}],"wp:attachment":[{"href":"https:\/\/kafkalandscapes.com\/index.php?rest_route=%2Fwp%2Fv2%2Fmedia&parent=858"}],"curies":[{"name":"wp","href":"https:\/\/api.w.org\/{rel}","templated":true}]}}